{"id":29,"date":"2024-11-05T13:38:42","date_gmt":"2024-11-05T12:38:42","guid":{"rendered":"https:\/\/laternchen.aux-send.de\/?page_id=29"},"modified":"2024-11-06T21:09:41","modified_gmt":"2024-11-06T20:09:41","slug":"geschichte","status":"publish","type":"page","link":"https:\/\/laternchen.aux-send.de\/index.php\/geschichte\/","title":{"rendered":"Geschichte"},"content":{"rendered":"\n<h2 class=\"wp-block-heading has-text-align-center\">Geschichte<\/h2>\n\n\n<div class=\"is-root-container is-desktop-preview is-layout-flow wp-block-post-content block-editor-block-list__layout\">\n<p id=\"block-9b78efad-d3c2-4fe9-a1e9-4768a9e3542a\" class=\"block-editor-rich-text__editable block-editor-block-list__block wp-block is-selected wp-block-paragraph rich-text is-hovered\" style=\"text-align: center;\" role=\"document\" contenteditable=\"true\" aria-multiline=\"true\" aria-label=\"Block: Absatz\" aria-readonly=\"false\" data-block=\"9b78efad-d3c2-4fe9-a1e9-4768a9e3542a\" data-type=\"core\/paragraph\" data-title=\"Absatz\" data-empty=\"false\" data-wp-block-attribute-key=\"content\">Im Jahre 1958 wurde das Laternchen von Franz Josef Stute sen. <br \/>im Erdgescho\u00df der Harkortstra\u00dfe 4 erbaut <br \/>und mit dem ersten Wirt Karl E. (genannt H\u00e4hnchen Karl) er\u00f6ffnet.<br data-rich-text-line-break=\"true\" \/>Karl E. f\u00fchrte die Gastst\u00e4tte bis ins Jahre 1968<br data-rich-text-line-break=\"true\" \/><br data-rich-text-line-break=\"true\" \/>Ab Er\u00f6ffnung bis ins Jahr 1977 wurde im Laternchen Schlegel Bier ausgeschenkt, <br \/>1977 wurde auf Bitburger umgestellt, welches bis heute stark pr\u00e4sent ist. <br data-rich-text-line-break=\"true\" \/><br data-rich-text-line-break=\"true\" \/>Ab Mitte der 60er Jahre fand sich der bereits bestehende <br data-rich-text-line-break=\"true\" \/>&#8222;Lotterieklub op de Eck&#8220; (den es seit 1900 gab) im Laternchen ein.<br data-rich-text-line-break=\"true\" \/>Dieser fand bis zu seiner Aufl\u00f6sung (mangels Mittglieder in den 80er Jahren)<br data-rich-text-line-break=\"true\" \/>regelm\u00e4\u00dfig im damals noch abgetrennten Gesellschaftszimmer statt.<\/p>\n<\/div>\n\n<div class=\"wp-block-image\">\n<figure class=\"alignleft size-large is-resized\"><img loading=\"lazy\" decoding=\"async\" width=\"768\" height=\"1024\" src=\"https:\/\/laternchen.aux-send.de\/wp-content\/uploads\/2024\/11\/20241105_132458-768x1024.jpg\" alt=\"\" class=\"wp-image-61\" style=\"width:462px;height:auto\" srcset=\"https:\/\/laternchen.aux-send.de\/wp-content\/uploads\/2024\/11\/20241105_132458-768x1025.jpg 768w, https:\/\/laternchen.aux-send.de\/wp-content\/uploads\/2024\/11\/20241105_132458-225x300.jpg 225w, https:\/\/laternchen.aux-send.de\/wp-content\/uploads\/2024\/11\/20241105_132458-1151x1536.jpg 1151w, https:\/\/laternchen.aux-send.de\/wp-content\/uploads\/2024\/11\/20241105_132458-1535x2048.jpg 1535w, https:\/\/laternchen.aux-send.de\/wp-content\/uploads\/2024\/11\/20241105_132458.jpg 1808w\" sizes=\"auto, (max-width: 768px) 100vw, 768px\" \/><\/figure>\n<\/div>\n\n<div class=\"wp-block-image\">\n<figure class=\"alignright size-large is-resized\"><img loading=\"lazy\" decoding=\"async\" width=\"955\" height=\"1024\" src=\"https:\/\/laternchen.aux-send.de\/wp-content\/uploads\/2024\/11\/20241105_132628-955x1024.jpg\" alt=\"\" class=\"wp-image-60\" style=\"width:540px;height:auto\" srcset=\"https:\/\/laternchen.aux-send.de\/wp-content\/uploads\/2024\/11\/20241105_132628-955x1024.jpg 955w, https:\/\/laternchen.aux-send.de\/wp-content\/uploads\/2024\/11\/20241105_132628-280x300.jpg 280w, https:\/\/laternchen.aux-send.de\/wp-content\/uploads\/2024\/11\/20241105_132628-768x824.jpg 768w, https:\/\/laternchen.aux-send.de\/wp-content\/uploads\/2024\/11\/20241105_132628-1432x1536.jpg 1432w, https:\/\/laternchen.aux-send.de\/wp-content\/uploads\/2024\/11\/20241105_132628.jpg 1797w\" sizes=\"auto, (max-width: 955px) 100vw, 955px\" \/><\/figure>\n<\/div>","protected":false},"excerpt":{"rendered":"<p>Geschichte Im Jahre 1958 wurde das Laternchen von Franz Josef Stute sen. im Erdgescho\u00df der Harkortstra\u00dfe 4 erbaut und mit dem ersten Wirt Karl E. (genannt H\u00e4hnchen Karl) er\u00f6ffnet.Karl E. f\u00fchrte die Gastst\u00e4tte bis ins Jahre 1968Ab Er\u00f6ffnung bis ins Jahr 1977 wurde im Laternchen Schlegel Bier ausgeschenkt, 1977 wurde auf Bitburger umgestellt, welches bis&#8230;<\/p>\n","protected":false},"author":1,"featured_media":0,"parent":0,"menu_order":0,"comment_status":"closed","ping_status":"closed","template":"","meta":{"_kad_post_transparent":"","_kad_post_title":"hide","_kad_post_layout":"normal","_kad_post_sidebar_id":"","_kad_post_content_style":"unboxed","_kad_post_vertical_padding":"show","_kad_post_feature":"","_kad_post_feature_position":"","_kad_post_header":false,"_kad_post_footer":false,"_kad_post_classname":"","footnotes":""},"class_list":["post-29","page","type-page","status-publish","hentry"],"_links":{"self":[{"href":"https:\/\/laternchen.aux-send.de\/index.php\/wp-json\/wp\/v2\/pages\/29","targetHints":{"allow":["GET"]}}],"collection":[{"href":"https:\/\/laternchen.aux-send.de\/index.php\/wp-json\/wp\/v2\/pages"}],"about":[{"href":"https:\/\/laternchen.aux-send.de\/index.php\/wp-json\/wp\/v2\/types\/page"}],"author":[{"embeddable":true,"href":"https:\/\/laternchen.aux-send.de\/index.php\/wp-json\/wp\/v2\/users\/1"}],"replies":[{"embeddable":true,"href":"https:\/\/laternchen.aux-send.de\/index.php\/wp-json\/wp\/v2\/comments?post=29"}],"version-history":[{"count":9,"href":"https:\/\/laternchen.aux-send.de\/index.php\/wp-json\/wp\/v2\/pages\/29\/revisions"}],"predecessor-version":[{"id":134,"href":"https:\/\/laternchen.aux-send.de\/index.php\/wp-json\/wp\/v2\/pages\/29\/revisions\/134"}],"wp:attachment":[{"href":"https:\/\/laternchen.aux-send.de\/index.php\/wp-json\/wp\/v2\/media?parent=29"}],"curies":[{"name":"wp","href":"https:\/\/api.w.org\/{rel}","templated":true}]}}